{"id":1979,"date":"2023-08-14T19:22:39","date_gmt":"2023-08-14T19:22:39","guid":{"rendered":"http:\/\/dejatuhuella.pet\/product\/deja-tu-huella-unisex-t-shirt\/"},"modified":"2024-06-18T02:24:37","modified_gmt":"2024-06-18T02:24:37","slug":"deja-tu-huella-unisex-t-shirt","status":"publish","type":"product","link":"https:\/\/dejatuhuella.pet\/en\/product\/deja-tu-huella-unisex-t-shirt\/","title":{"rendered":"Deja Tu Huella | T-Shirt"},"content":{"rendered":"<p>\u00a1Presentamos nuestra exclusiva Camisa \u00abDeja Tu Huella\u00bb &#8211; \u00a1Uno no puede salvar a todos, pero todos podemos salvar a uno!<br \/>\nEn Deja Tu Huella, creemos que cada peque\u00f1o acto de bondad puede marcar una gran diferencia en el mundo, al igual que una huella en tu coraz\u00f3n. Nuestra tienda en l\u00ednea est\u00e1 dedicada a ayudar a los perros callejeros, y cada compra de nuestra camisa contribuye directamente a mejorar sus vidas.<br \/>\nCaracter\u00edsticas del producto:<br \/>\n&#8211; Estilo y Comodidad: Nuestra camisa ha sido confeccionada con materiales de alta calidad, brind\u00e1ndote un estilo elegante y una comodidad excepcional en todo momento.<br \/>\n&#8211; Dise\u00f1o Exclusivo: La camisa presenta orgullosamente el ic\u00f3nico logo \u00abDeja Tu Huella\u00bb, que simboliza el impacto positivo que todos podemos generar en la vida de estos animales desamparados.<br \/>\n&#8211; Slogan Inspirador: \u00abUno no puede salvar a todos, pero todos podemos salvar a uno\u00bb. Nuestro lema nos recuerda que, aunque no podemos salvar a todos los perros callejeros, cada uno de nosotros puede hacer una diferencia significativa en la vida de al menos uno de ellos.<br \/>\n&#8211; Misi\u00f3n Noble: Nuestra meta es hacer de El Salvador el primer pa\u00eds en Latinoam\u00e9rica en rescatar, esterilizar, salvar y cuidar a los perros callejeros, brind\u00e1ndoles una oportunidad de ser felices.<br \/>\n&#8211; Impacto Directo: Cada centavo de las ganancias de esta camisa se destina a apoyar nuestra misi\u00f3n y ayudar a los perros callejeros a encontrar un hogar y un futuro mejor.<br \/>\nCon nuestra Camisa \u00abDeja Tu Huella\u00bb, no solo llevas una prenda de moda, sino que tambi\u00e9n te conviertes en un agente del cambio. Tu elecci\u00f3n de usar esta camisa inspirar\u00e1 a otros a unirse a nuestra misi\u00f3n de mejorar la vida de estos fieles compa\u00f1eros que llamamos mejores amigos.<br \/>\n\u00danete a nosotros en Deja Tu Huella y s\u00e9 parte del movimiento para crear un mundo donde cada perro callejero encuentre amor, cuidado y un hogar para siempre. \u00a1Juntos podemos marcar la diferencia en la vida a los perros callejeros de El Salvador!<br \/>\nEsta camiseta es todo lo que has so\u00f1ado y m\u00e1s. Es suave y ligera, con la cantidad justa de elasticidad. Adem\u00e1s, es c\u00f3moda y realza la figura de todo el que la lleva puesta.<br \/>\n\u2022 100% algod\u00f3n peinado e hilado en anillo (los tonos Heather contiene poli\u00e9ster)<br \/>\n\u2022 Peso del tejido: 142 g\/m\u00b2 (4,2 oz\/yd\u00b2)<br \/>\n\u2022 Tela preencogida<br \/>\n\u2022 Construcci\u00f3n con costuras laterales<br \/>\n\u2022 Tapeta de hombro a hombro<br \/>\n\u2022 Producto base procedente de Nicaragua, M\u00e9xico, Honduras o EEUU<\/p>","protected":false},"excerpt":{"rendered":"<p>\u00a1Presentamos nuestra exclusiva Camisa \u00abDeja Tu Huella\u00bb &#8211; \u00a1Uno no puede salvar a todos, pero todos podemos salvar a uno! En Deja Tu Huella, creemos que cada peque\u00f1o acto de bondad puede marcar una gran diferencia en el mundo, al igual que una huella en tu coraz\u00f3n. Nuestra tienda en l\u00ednea est\u00e1 dedicada a ayudar [&hellip;]<\/p>","protected":false},"featured_media":2011,"comment_status":"open","ping_status":"closed","template":"","meta":{"give_campaign_id":0,"site-sidebar-layout":"default","site-content-layout":"","ast-site-content-layout":"default","site-content-style":"default","site-sidebar-style":"default","ast-global-header-display":"","ast-banner-title-visibility":"","ast-main-header-display":"","ast-hfb-above-header-display":"","ast-hfb-below-header-display":"","ast-hfb-mobile-header-display":"","site-post-title":"","ast-breadcrumbs-content":"","ast-featured-img":"","footer-sml-layout":"","ast-disable-related-posts":"","theme-transparent-header-meta":"","adv-header-id-meta":"","stick-header-meta":"","header-above-stick-meta":"","header-main-stick-meta":"","header-below-stick-meta":"","astra-migrate-meta-layouts":"default","ast-page-background-enabled":"default","ast-page-background-meta":{"desktop":{"background-color":"","background-image":"","background-repeat":"repeat","background-position":"center center","background-size":"auto","background-attachment":"scroll","background-type":"","background-media":"","overlay-type":"","overlay-color":"","overlay-opacity":"","overlay-gradient":""},"tablet":{"background-color":"","background-image":"","background-repeat":"repeat","background-position":"center center","background-size":"auto","background-attachment":"scroll","background-type":"","background-media":"","overlay-type":"","overlay-color":"","overlay-opacity":"","overlay-gradient":""},"mobile":{"background-color":"","background-image":"","background-repeat":"repeat","background-position":"center center","background-size":"auto","background-attachment":"scroll","background-type":"","background-media":"","overlay-type":"","overlay-color":"","overlay-opacity":"","overlay-gradient":""}},"ast-content-background-meta":{"desktop":{"background-color":"var(--ast-global-color-5)","background-image":"","background-repeat":"repeat","background-position":"center center","background-size":"auto","background-attachment":"scroll","background-type":"","background-media":"","overlay-type":"","overlay-color":"","overlay-opacity":"","overlay-gradient":""},"tablet":{"background-color":"var(--ast-global-color-5)","background-image":"","background-repeat":"repeat","background-position":"center center","background-size":"auto","background-attachment":"scroll","background-type":"","background-media":"","overlay-type":"","overlay-color":"","overlay-opacity":"","overlay-gradient":""},"mobile":{"background-color":"var(--ast-global-color-5)","background-image":"","background-repeat":"repeat","background-position":"center center","background-size":"auto","background-attachment":"scroll","background-type":"","background-media":"","overlay-type":"","overlay-color":"","overlay-opacity":"","overlay-gradient":""}}},"product_brand":[],"product_cat":[15,51],"product_tag":[],"class_list":{"0":"post-1979","1":"product","2":"type-product","3":"status-publish","4":"has-post-thumbnail","6":"product_cat-todo-los-productos","7":"product_cat-camisas","8":"desktop-align-left","9":"tablet-align-left","10":"mobile-align-left","12":"first","13":"instock","14":"shipping-taxable","15":"purchasable","16":"product-type-variable","17":"has-default-attributes"},"jetpack_sharing_enabled":true,"_links":{"self":[{"href":"https:\/\/dejatuhuella.pet\/en\/wp-json\/wp\/v2\/product\/1979","targetHints":{"allow":["GET"]}}],"collection":[{"href":"https:\/\/dejatuhuella.pet\/en\/wp-json\/wp\/v2\/product"}],"about":[{"href":"https:\/\/dejatuhuella.pet\/en\/wp-json\/wp\/v2\/types\/product"}],"replies":[{"embeddable":true,"href":"https:\/\/dejatuhuella.pet\/en\/wp-json\/wp\/v2\/comments?post=1979"}],"version-history":[{"count":3,"href":"https:\/\/dejatuhuella.pet\/en\/wp-json\/wp\/v2\/product\/1979\/revisions"}],"predecessor-version":[{"id":2070,"href":"https:\/\/dejatuhuella.pet\/en\/wp-json\/wp\/v2\/product\/1979\/revisions\/2070"}],"wp:featuredmedia":[{"embeddable":true,"href":"https:\/\/dejatuhuella.pet\/en\/wp-json\/wp\/v2\/media\/2011"}],"wp:attachment":[{"href":"https:\/\/dejatuhuella.pet\/en\/wp-json\/wp\/v2\/media?parent=1979"}],"wp:term":[{"taxonomy":"product_brand","embeddable":true,"href":"https:\/\/dejatuhuella.pet\/en\/wp-json\/wp\/v2\/product_brand?post=1979"},{"taxonomy":"product_cat","embeddable":true,"href":"https:\/\/dejatuhuella.pet\/en\/wp-json\/wp\/v2\/product_cat?post=1979"},{"taxonomy":"product_tag","embeddable":true,"href":"https:\/\/dejatuhuella.pet\/en\/wp-json\/wp\/v2\/product_tag?post=1979"}],"curies":[{"name":"wp","href":"https:\/\/api.w.org\/{rel}","templated":true}]}}