{"id":2021,"date":"2023-08-14T19:42:29","date_gmt":"2023-08-14T19:42:29","guid":{"rendered":"http:\/\/dejatuhuella.pet\/product\/deja-tu-huella-original-hat-2\/"},"modified":"2026-04-13T14:41:52","modified_gmt":"2026-04-13T14:41:52","slug":"deja-tu-huella-original-hat-2","status":"publish","type":"product","link":"https:\/\/dejatuhuella.pet\/en\/product\/deja-tu-huella-original-hat-2\/","title":{"rendered":"Deja Tu Huella | Original Hat"},"content":{"rendered":"<p>En Deja Tu Huella, creemos que cada peque\u00f1o gesto de bondad puede marcar una gran diferencia en el mundo, al igual que una huella en tu coraz\u00f3n. Nuestra tienda en l\u00ednea est\u00e1 dedicada a ayudar a perros callejeros, y cada compra de nuestra gorra contribuye directamente a mejorar sus vidas.<br \/>\nCaracter\u00edsticas del producto:<br \/>\n&#8211; Calidad Premium: Esta gorra ha sido confeccionada con materiales de primera calidad, asegurando su durabilidad y comodidad para un uso prolongado.<br \/>\n&#8211; Dise\u00f1o Exclusivo: La gorra presenta con orgullo el ic\u00f3nico logo \u00abDeja Tu Huella\u00bb, que simboliza el impacto positivo que todos podemos generar en la vida de estos animales desamparados.<br \/>\n&#8211; Ajuste Perfecto: Gracias a su correa ajustable, la gorra se adapta a diferentes tama\u00f1os de cabeza, brindando un ajuste c\u00f3modo y seguro.<br \/>\n&#8211; Estilo Vers\u00e1til: Ya sea para una caminata casual o para destacar en un evento, nuestra gorra complementa diversos atuendos y ocasiones.<br \/>\n&#8211; Un Prop\u00f3sito Noble: Con cada compra, est\u00e1s apoyando directamente a perros callejeros, ya que todos los beneficios se destinan a su bienestar y cuidado.<br \/>\nCon nuestra Gorra \u00abDeja Tu Huella\u00bb, no solo llevas un accesorio de moda, sino que tambi\u00e9n te conviertes en un embajador del cambio. Tu elecci\u00f3n de usar esta gorra inspirar\u00e1 a otros a unirse a nuestra misi\u00f3n de mejorar la vida de los perros callejeros de El Salvador.<br \/>\n\u00danete a nosotros en Deja Tu Huella y s\u00e9 parte del movimiento para crear un mundo donde cada perro callejero encuentre amor, cuidado y un hogar para siempre. \u00a1Demostremos que juntos podemos marcar la diferencia en la vida de estos fieles compa\u00f1eros que llamamos mejores amigos!<br \/>\nNuestros padres no son los \u00fanicos que pueden llevar esta gorra. Cuenta con corona baja, cierre ajustable y visera curva.<br \/>\n\u2022 100% sarga de algod\u00f3n<br \/>\n\u2022 El tono Green Camo es 35% sarga de algod\u00f3n, 65% poli\u00e9ster<br \/>\n\u2022 Sin estructura, 6 paneles, corona baja<br \/>\n\u2022 6 ojales bordados<br \/>\n\u2022 Corona de 3 \u215b\u201d<br \/>\n\u2022 Cierre ajustable con hebilla envejecida<\/p>","protected":false},"excerpt":{"rendered":"<p>En Deja Tu Huella, creemos que cada peque\u00f1o gesto de bondad puede marcar una gran diferencia en el mundo, al igual que una huella en tu coraz\u00f3n. Nuestra tienda en l\u00ednea est\u00e1 dedicada a ayudar a perros callejeros, y cada compra de nuestra gorra contribuye directamente a mejorar sus vidas. Caracter\u00edsticas del producto: &#8211; Calidad [&hellip;]<\/p>","protected":false},"featured_media":2034,"comment_status":"open","ping_status":"closed","template":"","meta":{"give_campaign_id":0,"site-sidebar-layout":"default","site-content-layout":"","ast-site-content-layout":"default","site-content-style":"default","site-sidebar-style":"default","ast-global-header-display":"","ast-banner-title-visibility":"","ast-main-header-display":"","ast-hfb-above-header-display":"","ast-hfb-below-header-display":"","ast-hfb-mobile-header-display":"","site-post-title":"","ast-breadcrumbs-content":"","ast-featured-img":"","footer-sml-layout":"","ast-disable-related-posts":"","theme-transparent-header-meta":"default","adv-header-id-meta":"","stick-header-meta":"","header-above-stick-meta":"","header-main-stick-meta":"","header-below-stick-meta":"","astra-migrate-meta-layouts":"set","ast-page-background-enabled":"default","ast-page-background-meta":{"desktop":{"background-color":"","background-image":"","background-repeat":"repeat","background-position":"center center","background-size":"auto","background-attachment":"scroll","background-type":"","background-media":"","overlay-type":"","overlay-color":"","overlay-opacity":"","overlay-gradient":""},"tablet":{"background-color":"","background-image":"","background-repeat":"repeat","background-position":"center center","background-size":"auto","background-attachment":"scroll","background-type":"","background-media":"","overlay-type":"","overlay-color":"","overlay-opacity":"","overlay-gradient":""},"mobile":{"background-color":"","background-image":"","background-repeat":"repeat","background-position":"center center","background-size":"auto","background-attachment":"scroll","background-type":"","background-media":"","overlay-type":"","overlay-color":"","overlay-opacity":"","overlay-gradient":""}},"ast-content-background-meta":{"desktop":{"background-color":"var(--ast-global-color-5)","background-image":"","background-repeat":"repeat","background-position":"center center","background-size":"auto","background-attachment":"scroll","background-type":"","background-media":"","overlay-type":"","overlay-color":"","overlay-opacity":"","overlay-gradient":""},"tablet":{"background-color":"var(--ast-global-color-5)","background-image":"","background-repeat":"repeat","background-position":"center center","background-size":"auto","background-attachment":"scroll","background-type":"","background-media":"","overlay-type":"","overlay-color":"","overlay-opacity":"","overlay-gradient":""},"mobile":{"background-color":"var(--ast-global-color-5)","background-image":"","background-repeat":"repeat","background-position":"center center","background-size":"auto","background-attachment":"scroll","background-type":"","background-media":"","overlay-type":"","overlay-color":"","overlay-opacity":"","overlay-gradient":""}}},"product_brand":[],"product_cat":[15,50],"product_tag":[],"class_list":{"0":"post-2021","1":"product","2":"type-product","3":"status-publish","4":"has-post-thumbnail","6":"product_cat-todo-los-productos","7":"product_cat-gorras","8":"desktop-align-left","9":"tablet-align-left","10":"mobile-align-left","12":"first","13":"instock","14":"shipping-taxable","15":"purchasable","16":"product-type-variable","17":"has-default-attributes"},"jetpack_sharing_enabled":true,"_links":{"self":[{"href":"https:\/\/dejatuhuella.pet\/en\/wp-json\/wp\/v2\/product\/2021","targetHints":{"allow":["GET"]}}],"collection":[{"href":"https:\/\/dejatuhuella.pet\/en\/wp-json\/wp\/v2\/product"}],"about":[{"href":"https:\/\/dejatuhuella.pet\/en\/wp-json\/wp\/v2\/types\/product"}],"replies":[{"embeddable":true,"href":"https:\/\/dejatuhuella.pet\/en\/wp-json\/wp\/v2\/comments?post=2021"}],"version-history":[{"count":5,"href":"https:\/\/dejatuhuella.pet\/en\/wp-json\/wp\/v2\/product\/2021\/revisions"}],"predecessor-version":[{"id":4353,"href":"https:\/\/dejatuhuella.pet\/en\/wp-json\/wp\/v2\/product\/2021\/revisions\/4353"}],"wp:featuredmedia":[{"embeddable":true,"href":"https:\/\/dejatuhuella.pet\/en\/wp-json\/wp\/v2\/media\/2034"}],"wp:attachment":[{"href":"https:\/\/dejatuhuella.pet\/en\/wp-json\/wp\/v2\/media?parent=2021"}],"wp:term":[{"taxonomy":"product_brand","embeddable":true,"href":"https:\/\/dejatuhuella.pet\/en\/wp-json\/wp\/v2\/product_brand?post=2021"},{"taxonomy":"product_cat","embeddable":true,"href":"https:\/\/dejatuhuella.pet\/en\/wp-json\/wp\/v2\/product_cat?post=2021"},{"taxonomy":"product_tag","embeddable":true,"href":"https:\/\/dejatuhuella.pet\/en\/wp-json\/wp\/v2\/product_tag?post=2021"}],"curies":[{"name":"wp","href":"https:\/\/api.w.org\/{rel}","templated":true}]}}