{"id":2662,"date":"2023-08-14T20:48:56","date_gmt":"2023-08-14T20:48:56","guid":{"rendered":"http:\/\/dejatuhuella.pet\/product\/deja-tu-huella-sudadera-con-capucha\/"},"modified":"2023-11-22T04:31:33","modified_gmt":"2023-11-22T04:31:33","slug":"deja-tu-huella-sudadera-con-capucha","status":"publish","type":"product","link":"https:\/\/dejatuhuella.pet\/en\/product\/deja-tu-huella-sudadera-con-capucha\/","title":{"rendered":"Deja Tu Huella | Hoodie"},"content":{"rendered":"<p>En Deja Tu Huella, creemos que cada peque\u00f1o acto de bondad puede marcar una gran diferencia en el mundo, al igual que una huella en tu coraz\u00f3n. Nuestra tienda en l\u00ednea est\u00e1 dedicada a ayudar a los perros callejeros, y cada compra de nuestra sudadera contribuye directamente a mejorar sus vidas.<\/p>\n<p>Caracter\u00edsticas del producto:<br \/>\n&#8211; Calidez y Comodidad: Nuestra sudadera ha sido confeccionada con materiales de alta calidad, brind\u00e1ndote la calidez y comodidad que necesitas durante los d\u00edas frescos.<\/p>\n<p>&#8211; Dise\u00f1o Exclusivo: La sudadera presenta orgullosamente el ic\u00f3nico logo \u00abDeja Tu Huella\u00bb, que simboliza el impacto positivo que todos podemos generar en la vida de estos animales desamparados.<\/p>\n<p>&#8211; Slogan Inspirador: \u00abUno no puede salvar a todos, pero todos podemos salvar a uno\u00bb. Nuestro lema nos recuerda que, aunque no podemos salvar a todos los perros callejeros, cada uno de nosotros puede hacer una diferencia significativa en la vida de al menos uno de ellos.<\/p>\n<p>&#8211; Misi\u00f3n Noble: Nuestra meta es hacer de El Salvador el primer pa\u00eds en Latinoam\u00e9rica en rescatar, esterilizar, salvar y cuidar a los perros callejeros, brind\u00e1ndoles una oportunidad de ser felices.<\/p>\n<p>&#8211; Impacto Directo: Cada centavo de las ganancias de esta sudadera se destina a apoyar nuestra misi\u00f3n y ayudar a los perros callejeros a encontrar un hogar y un futuro mejor.<\/p>\n<p>Con nuestra Sudadera \u00abDeja Tu Huella\u00bb, no solo llevas un accesorio de moda, sino que tambi\u00e9n te conviertes en un agente del cambio. Tu elecci\u00f3n de usar esta sudadera inspirar\u00e1 a otros a unirse a nuestra misi\u00f3n de rescatar, esterilizar y cuidar de los perros callejeros de El Salvador.<\/p>\n<p>\u00danete a nosotros en Deja Tu Huella y s\u00e9 parte del movimiento para crear un mundo donde cada perro callejero encuentre amor, cuidado y un hogar para siempre. \u00a1Juntos podemos marcar la diferencia en la vida de estos leales compa\u00f1eros que llamamos mejores amigos!<\/p>\n<p>Todo el mundo necesita una sudadera c\u00f3moda con la que abrigarse y estar a la moda en el d\u00eda a d\u00eda. Y si adem\u00e1s es suave, c\u00e1lida y elegante como esta, mejor que mejor. \u00a1Ideal tambi\u00e9n para las noches m\u00e1s frescas!<\/p>\n<p>\u2022 50% algod\u00f3n pre-encogido y 50% poli\u00e9ster<br \/>\n\u2022 Peso del tejido: 271,25 g\/m\u00b2 (8 oz\/yd\u00b2)<br \/>\n\u2022 Fibras hiladas por chorro de aire para reducir la formaci\u00f3n de bolas<br \/>\n\u2022 Capucha de doble forro con cord\u00f3n de ajuste a juego<br \/>\n\u2022 Cuerpo con un cuarto de vuelta para evitar arrugas en el centro<br \/>\n\u2022 Pu\u00f1os deportivos acanalados 1&#215;1 y cinturilla de spandex<br \/>\n\u2022 Bolsillo frontal tipo canguro<br \/>\n\u2022 Cuello, hombros, brazos, sisas, pu\u00f1os y dobladillo con un doble pespunte<\/p>","protected":false},"excerpt":{"rendered":"<p>En Deja Tu Huella, creemos que cada peque\u00f1o acto de bondad puede marcar una gran diferencia en el mundo, al igual que una huella en tu coraz\u00f3n. Nuestra tienda en l\u00ednea est\u00e1 dedicada a ayudar a los perros callejeros, y cada compra de nuestra sudadera contribuye directamente a mejorar sus vidas. Caracter\u00edsticas del producto: &#8211; [&hellip;]<\/p>","protected":false},"featured_media":2710,"comment_status":"open","ping_status":"closed","template":"","meta":{"give_campaign_id":0,"site-sidebar-layout":"default","site-content-layout":"","ast-site-content-layout":"default","site-content-style":"default","site-sidebar-style":"default","ast-global-header-display":"","ast-banner-title-visibility":"","ast-main-header-display":"","ast-hfb-above-header-display":"","ast-hfb-below-header-display":"","ast-hfb-mobile-header-display":"","site-post-title":"","ast-breadcrumbs-content":"","ast-featured-img":"","footer-sml-layout":"","ast-disable-related-posts":"","theme-transparent-header-meta":"default","adv-header-id-meta":"","stick-header-meta":"","header-above-stick-meta":"","header-main-stick-meta":"","header-below-stick-meta":"","astra-migrate-meta-layouts":"set","ast-page-background-enabled":"default","ast-page-background-meta":{"desktop":{"background-color":"","background-image":"","background-repeat":"repeat","background-position":"center center","background-size":"auto","background-attachment":"scroll","background-type":"","background-media":"","overlay-type":"","overlay-color":"","overlay-opacity":"","overlay-gradient":""},"tablet":{"background-color":"","background-image":"","background-repeat":"repeat","background-position":"center center","background-size":"auto","background-attachment":"scroll","background-type":"","background-media":"","overlay-type":"","overlay-color":"","overlay-opacity":"","overlay-gradient":""},"mobile":{"background-color":"","background-image":"","background-repeat":"repeat","background-position":"center center","background-size":"auto","background-attachment":"scroll","background-type":"","background-media":"","overlay-type":"","overlay-color":"","overlay-opacity":"","overlay-gradient":""}},"ast-content-background-meta":{"desktop":{"background-color":"var(--ast-global-color-5)","background-image":"","background-repeat":"repeat","background-position":"center center","background-size":"auto","background-attachment":"scroll","background-type":"","background-media":"","overlay-type":"","overlay-color":"","overlay-opacity":"","overlay-gradient":""},"tablet":{"background-color":"var(--ast-global-color-5)","background-image":"","background-repeat":"repeat","background-position":"center center","background-size":"auto","background-attachment":"scroll","background-type":"","background-media":"","overlay-type":"","overlay-color":"","overlay-opacity":"","overlay-gradient":""},"mobile":{"background-color":"var(--ast-global-color-5)","background-image":"","background-repeat":"repeat","background-position":"center center","background-size":"auto","background-attachment":"scroll","background-type":"","background-media":"","overlay-type":"","overlay-color":"","overlay-opacity":"","overlay-gradient":""}}},"product_brand":[],"product_cat":[15,52],"product_tag":[],"class_list":{"0":"post-2662","1":"product","2":"type-product","3":"status-publish","4":"has-post-thumbnail","6":"product_cat-todo-los-productos","7":"product_cat-sudaderas","8":"desktop-align-left","9":"tablet-align-left","10":"mobile-align-left","12":"first","13":"instock","14":"shipping-taxable","15":"purchasable","16":"product-type-variable","17":"has-default-attributes"},"jetpack_sharing_enabled":true,"_links":{"self":[{"href":"https:\/\/dejatuhuella.pet\/en\/wp-json\/wp\/v2\/product\/2662","targetHints":{"allow":["GET"]}}],"collection":[{"href":"https:\/\/dejatuhuella.pet\/en\/wp-json\/wp\/v2\/product"}],"about":[{"href":"https:\/\/dejatuhuella.pet\/en\/wp-json\/wp\/v2\/types\/product"}],"replies":[{"embeddable":true,"href":"https:\/\/dejatuhuella.pet\/en\/wp-json\/wp\/v2\/comments?post=2662"}],"version-history":[{"count":5,"href":"https:\/\/dejatuhuella.pet\/en\/wp-json\/wp\/v2\/product\/2662\/revisions"}],"predecessor-version":[{"id":4356,"href":"https:\/\/dejatuhuella.pet\/en\/wp-json\/wp\/v2\/product\/2662\/revisions\/4356"}],"wp:featuredmedia":[{"embeddable":true,"href":"https:\/\/dejatuhuella.pet\/en\/wp-json\/wp\/v2\/media\/2710"}],"wp:attachment":[{"href":"https:\/\/dejatuhuella.pet\/en\/wp-json\/wp\/v2\/media?parent=2662"}],"wp:term":[{"taxonomy":"product_brand","embeddable":true,"href":"https:\/\/dejatuhuella.pet\/en\/wp-json\/wp\/v2\/product_brand?post=2662"},{"taxonomy":"product_cat","embeddable":true,"href":"https:\/\/dejatuhuella.pet\/en\/wp-json\/wp\/v2\/product_cat?post=2662"},{"taxonomy":"product_tag","embeddable":true,"href":"https:\/\/dejatuhuella.pet\/en\/wp-json\/wp\/v2\/product_tag?post=2662"}],"curies":[{"name":"wp","href":"https:\/\/api.w.org\/{rel}","templated":true}]}}