{"id":3539,"date":"2023-09-14T00:37:22","date_gmt":"2023-09-14T00:37:22","guid":{"rendered":"http:\/\/dejatuhuella.pet\/product\/kiss-cut-stickers-2\/"},"modified":"2025-02-13T00:16:53","modified_gmt":"2025-02-13T00:16:53","slug":"kiss-cut-stickers-2","status":"publish","type":"product","link":"https:\/\/dejatuhuella.pet\/en\/product\/kiss-cut-stickers-2\/","title":{"rendered":"Deja Tu Huella | Sticker"},"content":{"rendered":"<p dir=\"ltr\" style=\"line-height: 1.38; margin-top: 0pt; margin-bottom: 0pt;\"><span style=\"font-size: 11pt; font-family: Arial, sans-serif; vertical-align: baseline;\">En Deja Tu Huella, creemos en el poder de las peque\u00f1as acciones para crear un gran impacto. <\/span><span style=\"font-size: 11pt; font-family: Arial, sans-serif; vertical-align: baseline;\">Cada uno de nuestros stickers es un recordatorio tangible de tu compromiso con una causa noble: ayudar a los perros callejeros de El Salvador. <\/span><\/p>\n<p dir=\"ltr\" style=\"line-height: 1.38; margin-top: 0pt; margin-bottom: 0pt;\"><span style=\"font-size: 11pt; font-family: Arial, sans-serif; vertical-align: baseline;\">Caracter\u00edsticas de nuestros stickers: <\/span><\/p>\n<ul>\n<li dir=\"ltr\" style=\"line-height: 1.38;\"><span style=\"font-size: 11pt; font-family: Arial, sans-serif; vertical-align: baseline;\">Dise\u00f1o Inspirador: Cada sticker lleva nuestro ic\u00f3nico logo \u00abDeja Tu Huella\u00bb, un s\u00edmbolo de la huella positiva que todos podemos dejar en la vida de estos animales necesitados.<\/span><\/li>\n<li dir=\"ltr\" style=\"line-height: 1.38;\"><span style=\"font-size: 11pt; font-family: Arial, sans-serif; vertical-align: baseline;\"> Mensaje de Esperanza: Con el lema \u00abUno no puede salvar a todos, pero juntos podemos salvar a uno\u00bb, recordamos que, aunque no podemos cambiar el mundo entero, podemos cambiar el mundo para al menos un perro callejero. <\/span><\/li>\n<li dir=\"ltr\" style=\"line-height: 1.38;\"><span style=\"font-size: 11pt; font-family: Arial, sans-serif; vertical-align: baseline;\">Calidad Duradera: Nuestros stickers est\u00e1n hechos para durar, lo que significa que puedes mostrar tu apoyo en cualquier lugar y en cualquier momento. <\/span><\/li>\n<\/ul>\n<p><span style=\"font-size: 11pt; font-family: Arial, sans-serif; vertical-align: baseline;\">Al elegir nuestros stickers, te unes a una comunidad dedicada a hacer del mundo un lugar mejor para nuestros amigos peludos. Cada adhesivo que pegas es un peque\u00f1o paso hacia un futuro m\u00e1s brillante para los perros callejeros. \u00a1Gracias por marcar la diferencia y por ser parte del movimiento Deja Tu Huella!<\/span><\/p>\n<table id=\"size-guide\" style=\"min-width: 360px;\">\n<thead>\n<tr>\n<th style=\"padding: 10px;\"><\/th>\n<th style=\"color: #000000; font-weight: 500; text-align: left; font-size: 15px; padding: 10px;\">2&#8243; \u00d7 2&#8243;<\/th>\n<th style=\"color: #000000; font-weight: 500; text-align: left; font-size: 15px; padding: 10px;\">3&#8243; \u00d7 3&#8243;<\/th>\n<\/tr>\n<\/thead>\n<tbody>\n<tr>\n<td style=\"padding: 10px; color: #525252; font-size: 15px; border-top: 1px solid #ededed;\">Width, cm<\/td>\n<td style=\"padding: 10px; color: #525252; font-size: 15px; border-top: 1px solid #ededed;\">5.08<\/td>\n<td style=\"padding: 10px; color: #525252; font-size: 15px; border-top: 1px solid #ededed;\">7.62<\/td>\n<\/tr>\n<tr>\n<td style=\"padding: 10px; color: #525252; font-size: 15px; border-top: 1px solid #ededed;\">Length, cm<\/td>\n<td style=\"padding: 10px; color: #525252; font-size: 15px; border-top: 1px solid #ededed;\">5.08<\/td>\n<td style=\"padding: 10px; color: #525252; font-size: 15px; border-top: 1px solid #ededed;\">7.62<\/td>\n<\/tr>\n<\/tbody>\n<\/table>\n<p>&nbsp;<\/p>\n<p dir=\"ltr\" style=\"line-height: 1.38; margin-top: 0pt; margin-bottom: 0pt;\"><span style=\"font-size: 11pt; font-family: Arial, sans-serif; vertical-align: baseline;\">Nuestras stickers de Deja Tu Huella te brinda la m\u00e1xima flexibilidad para plasmar tu visi\u00f3n. Este m\u00e9todo corta el adhesivo en la forma que desees, dejando la parte posterior intacta para que se pueda despegar suavemente de la p\u00e1gina. <\/span><\/p>\n<ul>\n<li><span style=\"font-size: 11pt; font-family: Arial, sans-serif; vertical-align: baseline;\">Material: 100% vinilo con adhesivo 3M<\/span><\/li>\n<li>Disponible en 2 tama\u00f1os<\/li>\n<li dir=\"ltr\" style=\"line-height: 1.38;\"><span style=\"font-size: 11pt; font-family: Arial, sans-serif; vertical-align: baseline;\">Adhesivo gris en el lado izquierdo para pegatinas blancas <\/span><\/li>\n<\/ul>","protected":false},"excerpt":{"rendered":"<p>En Deja Tu Huella, creemos en el poder de las peque\u00f1as acciones para crear un gran impacto. Cada uno de nuestros stickers es un recordatorio tangible de tu compromiso con una causa noble: ayudar a los perros callejeros de El Salvador. Caracter\u00edsticas de nuestros stickers: Dise\u00f1o Inspirador: Cada sticker lleva nuestro ic\u00f3nico logo \u00abDeja Tu [&hellip;]<\/p>","protected":false},"featured_media":4237,"comment_status":"open","ping_status":"closed","template":"","meta":{"give_campaign_id":0,"site-sidebar-layout":"default","site-content-layout":"","ast-site-content-layout":"default","site-content-style":"default","site-sidebar-style":"default","ast-global-header-display":"","ast-banner-title-visibility":"","ast-main-header-display":"","ast-hfb-above-header-display":"","ast-hfb-below-header-display":"","ast-hfb-mobile-header-display":"","site-post-title":"","ast-breadcrumbs-content":"","ast-featured-img":"","footer-sml-layout":"","ast-disable-related-posts":"","theme-transparent-header-meta":"default","adv-header-id-meta":"","stick-header-meta":"","header-above-stick-meta":"","header-main-stick-meta":"","header-below-stick-meta":"","astra-migrate-meta-layouts":"set","ast-page-background-enabled":"default","ast-page-background-meta":{"desktop":{"background-color":"","background-image":"","background-repeat":"repeat","background-position":"center center","background-size":"auto","background-attachment":"scroll","background-type":"","background-media":"","overlay-type":"","overlay-color":"","overlay-opacity":"","overlay-gradient":""},"tablet":{"background-color":"","background-image":"","background-repeat":"repeat","background-position":"center center","background-size":"auto","background-attachment":"scroll","background-type":"","background-media":"","overlay-type":"","overlay-color":"","overlay-opacity":"","overlay-gradient":""},"mobile":{"background-color":"","background-image":"","background-repeat":"repeat","background-position":"center center","background-size":"auto","background-attachment":"scroll","background-type":"","background-media":"","overlay-type":"","overlay-color":"","overlay-opacity":"","overlay-gradient":""}},"ast-content-background-meta":{"desktop":{"background-color":"var(--ast-global-color-5)","background-image":"","background-repeat":"repeat","background-position":"center center","background-size":"auto","background-attachment":"scroll","background-type":"","background-media":"","overlay-type":"","overlay-color":"","overlay-opacity":"","overlay-gradient":""},"tablet":{"background-color":"var(--ast-global-color-5)","background-image":"","background-repeat":"repeat","background-position":"center center","background-size":"auto","background-attachment":"scroll","background-type":"","background-media":"","overlay-type":"","overlay-color":"","overlay-opacity":"","overlay-gradient":""},"mobile":{"background-color":"var(--ast-global-color-5)","background-image":"","background-repeat":"repeat","background-position":"center center","background-size":"auto","background-attachment":"scroll","background-type":"","background-media":"","overlay-type":"","overlay-color":"","overlay-opacity":"","overlay-gradient":""}}},"product_brand":[],"product_cat":[15,111],"product_tag":[120],"class_list":{"0":"post-3539","1":"product","2":"type-product","3":"status-publish","4":"has-post-thumbnail","6":"product_cat-todo-los-productos","7":"product_cat-accesorios","8":"product_tag-stickers","9":"desktop-align-left","10":"tablet-align-left","11":"mobile-align-left","13":"first","14":"instock","15":"shipping-taxable","16":"purchasable","17":"product-type-variable","18":"has-default-attributes"},"jetpack_sharing_enabled":true,"_links":{"self":[{"href":"https:\/\/dejatuhuella.pet\/en\/wp-json\/wp\/v2\/product\/3539","targetHints":{"allow":["GET"]}}],"collection":[{"href":"https:\/\/dejatuhuella.pet\/en\/wp-json\/wp\/v2\/product"}],"about":[{"href":"https:\/\/dejatuhuella.pet\/en\/wp-json\/wp\/v2\/types\/product"}],"replies":[{"embeddable":true,"href":"https:\/\/dejatuhuella.pet\/en\/wp-json\/wp\/v2\/comments?post=3539"}],"version-history":[{"count":12,"href":"https:\/\/dejatuhuella.pet\/en\/wp-json\/wp\/v2\/product\/3539\/revisions"}],"predecessor-version":[{"id":4267,"href":"https:\/\/dejatuhuella.pet\/en\/wp-json\/wp\/v2\/product\/3539\/revisions\/4267"}],"wp:featuredmedia":[{"embeddable":true,"href":"https:\/\/dejatuhuella.pet\/en\/wp-json\/wp\/v2\/media\/4237"}],"wp:attachment":[{"href":"https:\/\/dejatuhuella.pet\/en\/wp-json\/wp\/v2\/media?parent=3539"}],"wp:term":[{"taxonomy":"product_brand","embeddable":true,"href":"https:\/\/dejatuhuella.pet\/en\/wp-json\/wp\/v2\/product_brand?post=3539"},{"taxonomy":"product_cat","embeddable":true,"href":"https:\/\/dejatuhuella.pet\/en\/wp-json\/wp\/v2\/product_cat?post=3539"},{"taxonomy":"product_tag","embeddable":true,"href":"https:\/\/dejatuhuella.pet\/en\/wp-json\/wp\/v2\/product_tag?post=3539"}],"curies":[{"name":"wp","href":"https:\/\/api.w.org\/{rel}","templated":true}]}}